{"id":7851,"date":"2024-06-25T20:17:41","date_gmt":"2024-06-25T18:17:41","guid":{"rendered":"https:\/\/greenowacja.pl\/?post_type=product&#038;p=7851"},"modified":"2026-04-25T11:27:36","modified_gmt":"2026-04-25T09:27:36","slug":"zegar-para-na-tle-zachodzacego-slonca-drzewo-z-mchu-prezent-slubny","status":"publish","type":"product","link":"https:\/\/greenowacja.pl\/produkt\/zegar-para-na-tle-zachodzacego-slonca-drzewo-z-mchu-prezent-slubny\/","title":{"rendered":"Zegar z par\u0105 m\u0142od\u0105 na tle zachodz\u0105cego s\u0142o\u0144ca"},"content":{"rendered":"<p><span style=\"font-size: large;\"><strong>Idealny Prezent na \u015alub:<\/strong><\/span><\/p>\n<p>Szukasz prezentu, kt\u00f3ry b\u0119dzie nie tylko pi\u0119kn\u0105 ozdob\u0105 dla nowo\u017ce\u0144c\u00f3w, ale tak\u017ce symbolicznym wyrazem mi\u0142o\u015bci i harmonii? Nasz zegar &#8222;Para na tle Zachodz\u0105cego S\u0142o\u0144ca&#8221; z pewno\u015bci\u0105 spe\u0142ni te oczekiwania. To wyj\u0105tkowy prezent, kt\u00f3ry b\u0119dzie przypomina\u0142 m\u0142odej parze o ich wsp\u00f3lnych chwilach szcz\u0119\u015bcia i mi\u0142o\u015bci. Dodatkowo, drzewo z chrobotkiem reniferowym symbolizuje trwa\u0142o\u015b\u0107 i si\u0142\u0119 zwi\u0105zku, co czyni ten prezent jeszcze bardziej wyj\u0105tkowym i symbolicznym.<\/p>\n<p><strong>Cechy produktu:<\/strong><\/p>\n<ul>\n<li><strong>wys. 39m\u00a0<\/strong><\/li>\n<li><strong>szer. 33cm<\/strong><\/li>\n<li><strong>\u015arednica:<\/strong>\u00a0 39 cm.<\/li>\n<li><b>Podk\u0142ad: <\/b>p\u0142yta HDF<\/li>\n<li><strong>Uniwersalno\u015b\u0107:<\/strong> Nasze drzewo doskonale komponuje si\u0119 z r\u00f3\u017cnymi stylami wn\u0119trz, dodaj\u0105c im charakteru<\/li>\n<li><strong>Trwa\u0142o\u015b\u0107:<\/strong> Produkty z chrobotkiem pozostan\u0105 pi\u0119kne przez wiele lat.<\/li>\n<li>Zegar przygotowany do powieszenia<\/li>\n<\/ul>\n<p>Do stworzenia naszego r\u0119kodzie\u0142a u\u017cywany jest porost chrobotek reniferowy, g\u0142\u00f3wnie ze Skandynawii. Chrobotek, po przej\u015bciu przez proces stabilizacji, przestaje rosn\u0105\u0107, pozostaj\u0105c pi\u0119kny nawet przez 8-10 lat.<\/p>\n<p><strong>Wskaz\u00f3wki:<\/strong><\/p>\n<ul>\n<li><strong>nie podlewaj mchu go ani nie zraszaj,<\/strong><\/li>\n<li>chrobotek lubi <strong>wilgotno\u015b\u0107 powietrza 40-60%,<\/strong><\/li>\n<li>umie\u015b\u0107 go w znacznej odleg\u0142o\u015bci od \u017ar\u00f3de\u0142 ciep\u0142a i \u015bwiat\u0142a.<\/li>\n<\/ul>\n","protected":false},"excerpt":{"rendered":"<p><strong>Zegar z par\u0105 na zachodz\u0105cego s\u0142o\u0144ca.<\/strong><\/p>\n<p>Przytulaj\u0105ca si\u0119 m\u0142oda para na tle pi\u0119knego zachodu s\u0142o\u0144ca. Na obrazie znajduje si\u0119 drzewo stworzone z chrobotka reniferowego. Mechanizm zegara posiada cichy bieg.<\/p>\n<p><strong>Napisy do wyboru \u201cKocham Ci\u0119\u201d, \u201cJeste\u015b wyj\u0105tkowa\u201d lub \u201cJeste\u015b wyj\u0105tkowy\u201d, \u201cGratulacje\u201d, \u201cDzi\u0119kujemy\u201d, \u201cM\u0142odej Parze\u201d, \u201cDu\u017co mi\u0142o\u015bci\u201d. Prosimy o informacj\u0119 w zam\u00f3wieniu.<\/strong><\/p>\n","protected":false},"featured_media":7852,"template":"","meta":{"site-sidebar-layout":"default","site-content-layout":"default","ast-site-content-layout":"default","site-content-style":"default","site-sidebar-style":"default","ast-global-header-display":"","ast-banner-title-visibility":"","ast-main-header-display":"","ast-hfb-above-header-display":"","ast-hfb-below-header-display":"","ast-hfb-mobile-header-display":"","site-post-title":"","ast-breadcrumbs-content":"","ast-featured-img":"","footer-sml-layout":"","theme-transparent-header-meta":"default","adv-header-id-meta":"","stick-header-meta":"","header-above-stick-meta":"","header-main-stick-meta":"","header-below-stick-meta":"","astra-migrate-meta-layouts":"set","ast-page-background-enabled":"default","ast-page-background-meta":{"desktop":{"background-color":"","background-image":"","background-repeat":"repeat","background-position":"center center","background-size":"auto","background-attachment":"scroll","background-type":"","background-media":"","overlay-type":"","overlay-color":"","overlay-opacity":"","overlay-gradient":""},"tablet":{"background-color":"","background-image":"","background-repeat":"repeat","background-position":"center center","background-size":"auto","background-attachment":"scroll","background-type":"","background-media":"","overlay-type":"","overlay-color":"","overlay-opacity":"","overlay-gradient":""},"mobile":{"background-color":"","background-image":"","background-repeat":"repeat","background-position":"center center","background-size":"auto","background-attachment":"scroll","background-type":"","background-media":"","overlay-type":"","overlay-color":"","overlay-opacity":"","overlay-gradient":""}},"ast-content-background-meta":{"desktop":{"background-color":"var(--ast-global-color-5)","background-image":"","background-repeat":"repeat","background-position":"center center","background-size":"auto","background-attachment":"scroll","background-type":"","background-media":"","overlay-type":"","overlay-color":"","overlay-opacity":"","overlay-gradient":""},"tablet":{"background-color":"var(--ast-global-color-5)","background-image":"","background-repeat":"repeat","background-position":"center center","background-size":"auto","background-attachment":"scroll","background-type":"","background-media":"","overlay-type":"","overlay-color":"","overlay-opacity":"","overlay-gradient":""},"mobile":{"background-color":"var(--ast-global-color-5)","background-image":"","background-repeat":"repeat","background-position":"center center","background-size":"auto","background-attachment":"scroll","background-type":"","background-media":"","overlay-type":"","overlay-color":"","overlay-opacity":"","overlay-gradient":""}}},"product_brand":[],"product_cat":[121,53,42,93,52],"product_tag":[],"class_list":{"0":"post-7851","1":"product","2":"type-product","3":"status-publish","4":"has-post-thumbnail","6":"product_cat-karta-mieszkanca-gminy-kolobrzeg","7":"product_cat-prezenty-na-slub-z-mchem","8":"product_cat-obrazy-z-chrobotkiem","9":"product_cat-ok-poznan","10":"product_cat-zegary-z-mechem","11":"desktop-align-left","12":"tablet-align-left","13":"mobile-align-left","15":"first","16":"instock","17":"taxable","18":"shipping-taxable","19":"purchasable","20":"product-type-simple"},"yoast_head":"<!-- This site is optimized with the Yoast SEO plugin v27.4 - https:\/\/yoast.com\/product\/yoast-seo-wordpress\/ -->\n<title>Zegar z para na tle zachodz\u0105cego s\u0142o\u0144ca - prezent \u015blubny<\/title>\n<meta name=\"description\" content=\"Prezent \u015blubny. Para na tle zachodz\u0105cego s\u0142o\u0144ca. Korona drzewa ozdobiona mchem chrobotkiem. Zegar posiada cichy mechanizm.\" \/>\n<meta name=\"robots\" content=\"index, follow, max-snippet:-1, max-image-preview:large, max-video-preview:-1\" \/>\n<link rel=\"canonical\" href=\"https:\/\/greenowacja.pl\/produkt\/zegar-para-na-tle-zachodzacego-slonca-drzewo-z-mchu-prezent-slubny\/\" \/>\n<meta property=\"og:locale\" content=\"pl_PL\" \/>\n<meta property=\"og:type\" content=\"article\" \/>\n<meta property=\"og:title\" content=\"Zegar z para na tle zachodz\u0105cego s\u0142o\u0144ca - prezent \u015blubny\" \/>\n<meta property=\"og:description\" content=\"Prezent \u015blubny. Para na tle zachodz\u0105cego s\u0142o\u0144ca. Korona drzewa ozdobiona mchem chrobotkiem. Zegar posiada cichy mechanizm.\" \/>\n<meta property=\"og:url\" content=\"https:\/\/greenowacja.pl\/produkt\/zegar-para-na-tle-zachodzacego-slonca-drzewo-z-mchu-prezent-slubny\/\" \/>\n<meta property=\"og:site_name\" content=\"Ozdoby i prezenty z mchu | #u\u015bMECHnij si\u0119!\" \/>\n<meta property=\"article:publisher\" content=\"https:\/\/www.facebook.com\/Greenowacja\" \/>\n<meta property=\"article:modified_time\" content=\"2026-04-25T09:27:36+00:00\" \/>\n<meta property=\"og:image\" content=\"https:\/\/greenowacja.pl\/wp-content\/uploads\/2024\/06\/IMG20240624140016.jpg\" \/>\n\t<meta property=\"og:image:width\" content=\"950\" \/>\n\t<meta property=\"og:image:height\" content=\"950\" \/>\n\t<meta property=\"og:image:type\" content=\"image\/jpeg\" \/>\n<meta name=\"twitter:card\" content=\"summary_large_image\" \/>\n<meta name=\"twitter:label1\" content=\"Szacowany czas czytania\" \/>\n\t<meta name=\"twitter:data1\" content=\"2 minuty\" \/>\n<script type=\"application\/ld+json\" class=\"yoast-schema-graph\">{\"@context\":\"https:\\\/\\\/schema.org\",\"@graph\":[{\"@type\":\"WebPage\",\"@id\":\"https:\\\/\\\/greenowacja.pl\\\/produkt\\\/zegar-para-na-tle-zachodzacego-slonca-drzewo-z-mchu-prezent-slubny\\\/\",\"url\":\"https:\\\/\\\/greenowacja.pl\\\/produkt\\\/zegar-para-na-tle-zachodzacego-slonca-drzewo-z-mchu-prezent-slubny\\\/\",\"name\":\"Zegar z para na tle zachodz\u0105cego s\u0142o\u0144ca - prezent \u015blubny\",\"isPartOf\":{\"@id\":\"https:\\\/\\\/greenowacja.pl\\\/#website\"},\"primaryImageOfPage\":{\"@id\":\"https:\\\/\\\/greenowacja.pl\\\/produkt\\\/zegar-para-na-tle-zachodzacego-slonca-drzewo-z-mchu-prezent-slubny\\\/#primaryimage\"},\"image\":{\"@id\":\"https:\\\/\\\/greenowacja.pl\\\/produkt\\\/zegar-para-na-tle-zachodzacego-slonca-drzewo-z-mchu-prezent-slubny\\\/#primaryimage\"},\"thumbnailUrl\":\"https:\\\/\\\/greenowacja.pl\\\/wp-content\\\/uploads\\\/2024\\\/06\\\/IMG20240624140016.jpg\",\"datePublished\":\"2024-06-25T18:17:41+00:00\",\"dateModified\":\"2026-04-25T09:27:36+00:00\",\"description\":\"Prezent \u015blubny. Para na tle zachodz\u0105cego s\u0142o\u0144ca. Korona drzewa ozdobiona mchem chrobotkiem. Zegar posiada cichy mechanizm.\",\"breadcrumb\":{\"@id\":\"https:\\\/\\\/greenowacja.pl\\\/produkt\\\/zegar-para-na-tle-zachodzacego-slonca-drzewo-z-mchu-prezent-slubny\\\/#breadcrumb\"},\"inLanguage\":\"pl-PL\",\"potentialAction\":[{\"@type\":\"ReadAction\",\"target\":[\"https:\\\/\\\/greenowacja.pl\\\/produkt\\\/zegar-para-na-tle-zachodzacego-slonca-drzewo-z-mchu-prezent-slubny\\\/\"]}]},{\"@type\":\"ImageObject\",\"inLanguage\":\"pl-PL\",\"@id\":\"https:\\\/\\\/greenowacja.pl\\\/produkt\\\/zegar-para-na-tle-zachodzacego-slonca-drzewo-z-mchu-prezent-slubny\\\/#primaryimage\",\"url\":\"https:\\\/\\\/greenowacja.pl\\\/wp-content\\\/uploads\\\/2024\\\/06\\\/IMG20240624140016.jpg\",\"contentUrl\":\"https:\\\/\\\/greenowacja.pl\\\/wp-content\\\/uploads\\\/2024\\\/06\\\/IMG20240624140016.jpg\",\"width\":950,\"height\":950},{\"@type\":\"BreadcrumbList\",\"@id\":\"https:\\\/\\\/greenowacja.pl\\\/produkt\\\/zegar-para-na-tle-zachodzacego-slonca-drzewo-z-mchu-prezent-slubny\\\/#breadcrumb\",\"itemListElement\":[{\"@type\":\"ListItem\",\"position\":1,\"name\":\"Strona g\u0142\u00f3wna\",\"item\":\"https:\\\/\\\/greenowacja.pl\\\/\"},{\"@type\":\"ListItem\",\"position\":2,\"name\":\"Sklep\",\"item\":\"https:\\\/\\\/greenowacja.pl\\\/sklep-z-mchem-chrobotkiem\\\/\"},{\"@type\":\"ListItem\",\"position\":3,\"name\":\"Zegar z par\u0105 m\u0142od\u0105 na tle zachodz\u0105cego s\u0142o\u0144ca\"}]},{\"@type\":\"WebSite\",\"@id\":\"https:\\\/\\\/greenowacja.pl\\\/#website\",\"url\":\"https:\\\/\\\/greenowacja.pl\\\/\",\"name\":\"Ozdoby i prezenty z mchu | #u\u015bMECHnij si\u0119!\",\"description\":\"\",\"publisher\":{\"@id\":\"https:\\\/\\\/greenowacja.pl\\\/#organization\"},\"potentialAction\":[{\"@type\":\"SearchAction\",\"target\":{\"@type\":\"EntryPoint\",\"urlTemplate\":\"https:\\\/\\\/greenowacja.pl\\\/?s={search_term_string}\"},\"query-input\":{\"@type\":\"PropertyValueSpecification\",\"valueRequired\":true,\"valueName\":\"search_term_string\"}}],\"inLanguage\":\"pl-PL\"},{\"@type\":\"Organization\",\"@id\":\"https:\\\/\\\/greenowacja.pl\\\/#organization\",\"name\":\"Ozdoby i prezenty z mchu | #u\u015bMECHnij si\u0119!\",\"url\":\"https:\\\/\\\/greenowacja.pl\\\/\",\"logo\":{\"@type\":\"ImageObject\",\"inLanguage\":\"pl-PL\",\"@id\":\"https:\\\/\\\/greenowacja.pl\\\/#\\\/schema\\\/logo\\\/image\\\/\",\"url\":\"https:\\\/\\\/greenowacja.pl\\\/wp-content\\\/uploads\\\/2023\\\/08\\\/Logo-Greenowacja-wer-z-claimem-pozioma-2-kolory_Easy-Resize.com_.jpg\",\"contentUrl\":\"https:\\\/\\\/greenowacja.pl\\\/wp-content\\\/uploads\\\/2023\\\/08\\\/Logo-Greenowacja-wer-z-claimem-pozioma-2-kolory_Easy-Resize.com_.jpg\",\"width\":1280,\"height\":426,\"caption\":\"Ozdoby i prezenty z mchu | #u\u015bMECHnij si\u0119!\"},\"image\":{\"@id\":\"https:\\\/\\\/greenowacja.pl\\\/#\\\/schema\\\/logo\\\/image\\\/\"},\"sameAs\":[\"https:\\\/\\\/www.facebook.com\\\/Greenowacja\",\"https:\\\/\\\/www.instagram.com\\\/greenowacja\\\/\"]}]}<\/script>\n<!-- \/ Yoast SEO plugin. -->","yoast_head_json":{"title":"Zegar z para na tle zachodz\u0105cego s\u0142o\u0144ca - prezent \u015blubny","description":"Prezent \u015blubny. Para na tle zachodz\u0105cego s\u0142o\u0144ca. Korona drzewa ozdobiona mchem chrobotkiem. Zegar posiada cichy mechanizm.","robots":{"index":"index","follow":"follow","max-snippet":"max-snippet:-1","max-image-preview":"max-image-preview:large","max-video-preview":"max-video-preview:-1"},"canonical":"https:\/\/greenowacja.pl\/produkt\/zegar-para-na-tle-zachodzacego-slonca-drzewo-z-mchu-prezent-slubny\/","og_locale":"pl_PL","og_type":"article","og_title":"Zegar z para na tle zachodz\u0105cego s\u0142o\u0144ca - prezent \u015blubny","og_description":"Prezent \u015blubny. Para na tle zachodz\u0105cego s\u0142o\u0144ca. Korona drzewa ozdobiona mchem chrobotkiem. Zegar posiada cichy mechanizm.","og_url":"https:\/\/greenowacja.pl\/produkt\/zegar-para-na-tle-zachodzacego-slonca-drzewo-z-mchu-prezent-slubny\/","og_site_name":"Ozdoby i prezenty z mchu | #u\u015bMECHnij si\u0119!","article_publisher":"https:\/\/www.facebook.com\/Greenowacja","article_modified_time":"2026-04-25T09:27:36+00:00","og_image":[{"width":950,"height":950,"url":"https:\/\/greenowacja.pl\/wp-content\/uploads\/2024\/06\/IMG20240624140016.jpg","type":"image\/jpeg"}],"twitter_card":"summary_large_image","twitter_misc":{"Szacowany czas czytania":"2 minuty"},"schema":{"@context":"https:\/\/schema.org","@graph":[{"@type":"WebPage","@id":"https:\/\/greenowacja.pl\/produkt\/zegar-para-na-tle-zachodzacego-slonca-drzewo-z-mchu-prezent-slubny\/","url":"https:\/\/greenowacja.pl\/produkt\/zegar-para-na-tle-zachodzacego-slonca-drzewo-z-mchu-prezent-slubny\/","name":"Zegar z para na tle zachodz\u0105cego s\u0142o\u0144ca - prezent \u015blubny","isPartOf":{"@id":"https:\/\/greenowacja.pl\/#website"},"primaryImageOfPage":{"@id":"https:\/\/greenowacja.pl\/produkt\/zegar-para-na-tle-zachodzacego-slonca-drzewo-z-mchu-prezent-slubny\/#primaryimage"},"image":{"@id":"https:\/\/greenowacja.pl\/produkt\/zegar-para-na-tle-zachodzacego-slonca-drzewo-z-mchu-prezent-slubny\/#primaryimage"},"thumbnailUrl":"https:\/\/greenowacja.pl\/wp-content\/uploads\/2024\/06\/IMG20240624140016.jpg","datePublished":"2024-06-25T18:17:41+00:00","dateModified":"2026-04-25T09:27:36+00:00","description":"Prezent \u015blubny. Para na tle zachodz\u0105cego s\u0142o\u0144ca. Korona drzewa ozdobiona mchem chrobotkiem. Zegar posiada cichy mechanizm.","breadcrumb":{"@id":"https:\/\/greenowacja.pl\/produkt\/zegar-para-na-tle-zachodzacego-slonca-drzewo-z-mchu-prezent-slubny\/#breadcrumb"},"inLanguage":"pl-PL","potentialAction":[{"@type":"ReadAction","target":["https:\/\/greenowacja.pl\/produkt\/zegar-para-na-tle-zachodzacego-slonca-drzewo-z-mchu-prezent-slubny\/"]}]},{"@type":"ImageObject","inLanguage":"pl-PL","@id":"https:\/\/greenowacja.pl\/produkt\/zegar-para-na-tle-zachodzacego-slonca-drzewo-z-mchu-prezent-slubny\/#primaryimage","url":"https:\/\/greenowacja.pl\/wp-content\/uploads\/2024\/06\/IMG20240624140016.jpg","contentUrl":"https:\/\/greenowacja.pl\/wp-content\/uploads\/2024\/06\/IMG20240624140016.jpg","width":950,"height":950},{"@type":"BreadcrumbList","@id":"https:\/\/greenowacja.pl\/produkt\/zegar-para-na-tle-zachodzacego-slonca-drzewo-z-mchu-prezent-slubny\/#breadcrumb","itemListElement":[{"@type":"ListItem","position":1,"name":"Strona g\u0142\u00f3wna","item":"https:\/\/greenowacja.pl\/"},{"@type":"ListItem","position":2,"name":"Sklep","item":"https:\/\/greenowacja.pl\/sklep-z-mchem-chrobotkiem\/"},{"@type":"ListItem","position":3,"name":"Zegar z par\u0105 m\u0142od\u0105 na tle zachodz\u0105cego s\u0142o\u0144ca"}]},{"@type":"WebSite","@id":"https:\/\/greenowacja.pl\/#website","url":"https:\/\/greenowacja.pl\/","name":"Ozdoby i prezenty z mchu | #u\u015bMECHnij si\u0119!","description":"","publisher":{"@id":"https:\/\/greenowacja.pl\/#organization"},"potentialAction":[{"@type":"SearchAction","target":{"@type":"EntryPoint","urlTemplate":"https:\/\/greenowacja.pl\/?s={search_term_string}"},"query-input":{"@type":"PropertyValueSpecification","valueRequired":true,"valueName":"search_term_string"}}],"inLanguage":"pl-PL"},{"@type":"Organization","@id":"https:\/\/greenowacja.pl\/#organization","name":"Ozdoby i prezenty z mchu | #u\u015bMECHnij si\u0119!","url":"https:\/\/greenowacja.pl\/","logo":{"@type":"ImageObject","inLanguage":"pl-PL","@id":"https:\/\/greenowacja.pl\/#\/schema\/logo\/image\/","url":"https:\/\/greenowacja.pl\/wp-content\/uploads\/2023\/08\/Logo-Greenowacja-wer-z-claimem-pozioma-2-kolory_Easy-Resize.com_.jpg","contentUrl":"https:\/\/greenowacja.pl\/wp-content\/uploads\/2023\/08\/Logo-Greenowacja-wer-z-claimem-pozioma-2-kolory_Easy-Resize.com_.jpg","width":1280,"height":426,"caption":"Ozdoby i prezenty z mchu | #u\u015bMECHnij si\u0119!"},"image":{"@id":"https:\/\/greenowacja.pl\/#\/schema\/logo\/image\/"},"sameAs":["https:\/\/www.facebook.com\/Greenowacja","https:\/\/www.instagram.com\/greenowacja\/"]}]}},"_links":{"self":[{"href":"https:\/\/greenowacja.pl\/wp-json\/wp\/v2\/product\/7851","targetHints":{"allow":["GET"]}}],"collection":[{"href":"https:\/\/greenowacja.pl\/wp-json\/wp\/v2\/product"}],"about":[{"href":"https:\/\/greenowacja.pl\/wp-json\/wp\/v2\/types\/product"}],"wp:featuredmedia":[{"embeddable":true,"href":"https:\/\/greenowacja.pl\/wp-json\/wp\/v2\/media\/7852"}],"wp:attachment":[{"href":"https:\/\/greenowacja.pl\/wp-json\/wp\/v2\/media?parent=7851"}],"wp:term":[{"taxonomy":"product_brand","embeddable":true,"href":"https:\/\/greenowacja.pl\/wp-json\/wp\/v2\/product_brand?post=7851"},{"taxonomy":"product_cat","embeddable":true,"href":"https:\/\/greenowacja.pl\/wp-json\/wp\/v2\/product_cat?post=7851"},{"taxonomy":"product_tag","embeddable":true,"href":"https:\/\/greenowacja.pl\/wp-json\/wp\/v2\/product_tag?post=7851"}],"curies":[{"name":"wp","href":"https:\/\/api.w.org\/{rel}","templated":true}]}}