{"id":7883,"date":"2024-06-26T12:56:52","date_gmt":"2024-06-26T10:56:52","guid":{"rendered":"https:\/\/greenowacja.pl\/?post_type=product&#038;p=7883"},"modified":"2025-06-18T08:50:58","modified_gmt":"2025-06-18T06:50:58","slug":"podziekowanie-slubne-ramka","status":"publish","type":"product","link":"https:\/\/greenowacja.pl\/produkt\/podziekowanie-slubne-ramka\/","title":{"rendered":"Podzi\u0119kowanie \u015blubne &#8211; Bia\u0142a ramka z mchem i napisami w sercach (personalizowane imiona)"},"content":{"rendered":"<p><!DOCTYPE html><br \/>\n<html lang=\"pl\"><br \/>\n<head><br \/>\n    <meta charset=\"UTF-8\"><br \/>\n    <meta name=\"viewport\" content=\"width=device-width, initial-scale=1.0\"><br \/>\n    <title>Prezent na \u015blub \u2013 Ramka z mchem i podzi\u0119kowaniami dla rodzic\u00f3w lub dziadk\u00f3w<\/title><br \/>\n<\/head><br \/>\n<body><\/p>\n<h1>Prezent na \u015blub \u2013 Ramka z mchem i podzi\u0119kowaniami dla rodzic\u00f3w lub dziadk\u00f3w<\/h1>\n<p>Podaruj rodzicom lub dziadkom co\u015b wyj\u0105tkowego z okazji \u015blubu. Bia\u0142a ramka z prawdziwym mchem oraz laserowo wycinanym sercem, sk\u0142adaj\u0105cym si\u0119 z mniejszych serc z podzi\u0119kowaniami za mi\u0142o\u015b\u0107, wsparcie i wiele wi\u0119cej, to doskona\u0142y spos\u00f3b na wyra\u017cenie wdzi\u0119czno\u015bci. Nasz\u0105 ramk\u0119, ozdabiamy najwy\u017cszej jako\u015bci mchem chrobotkiem z Finlandii.<\/p>\n<h2>Trwa\u0142o\u015b\u0107<\/h2>\n<p>Nasze produkty b\u0119d\u0105 cieszy\u0107 oko jeszcze przez wiele lat. Chrobotek, w odr\u00f3\u017cnieniu od tradycyjnych ro\u015blin, zachowuje sw\u00f3j pi\u0119kny wygl\u0105d przez d\u0142ugi czas. Dzi\u0119ki temu mo\u017cna cieszy\u0107 si\u0119 ich urokiem i naturalnym pi\u0119knem przez wiele sezon\u00f3w.<\/p>\n<h2>Detale<\/h2>\n<p>Niezwyk\u0142y design, wysoka jako\u015b\u0107 wykonania oraz trwa\u0142o\u015b\u0107 to cechy, kt\u00f3re wyr\u00f3\u017cniaj\u0105 nasze ozdoby spo\u015br\u00f3d innych prezent\u00f3w na \u015blub. To symboliczna pami\u0105tka, kt\u00f3ra b\u0119dzie przypomina\u0107 o tym wa\u017cnym dniu w \u017cyciu dziecka i jego rodziny. Nasze prace wykonujemy z najwy\u017csz\u0105 dba\u0142o\u015bci\u0105 o detale, staranno\u015bci\u0105 i uwag\u0105. Ka\u017cdy produkt tworzymy sami.<\/p>\n<h2>Ozd\u00f3b z chrobotka nie trzeba podlewa\u0107<\/h2>\n<p>Jedn\u0105 z najwi\u0119kszych zalet stabilizowanego mchu jest brak konieczno\u015bci podlewania. Chrobotek nie wymaga r\u00f3wnie\u017c zraszania ani codziennej opieki.<\/p>\n<p>Ramka z mchem posiada laserowo wycinane serce sk\u0142adaj\u0105ce si\u0119 z mniejszych serc z podzi\u0119kowaniami za mi\u0142o\u015b\u0107, wsparcie, trosk\u0119, cierpliwo\u015b\u0107 i wiele wi\u0119cej. Niezwykle estetyczne passe-partout oraz dodatek suszonych kwiat\u00f3w na pewno zrobi niezapomniane wra\u017cenie.<\/p>\n<h2>Dane techniczne:<\/h2>\n<ul>\n<li>Szeroko\u015b\u0107: 20 cm<\/li>\n<li>D\u0142ugo\u015b\u0107: ok. 26 cm<\/li>\n<\/ul>\n<p>Czas realizacji zam\u00f3wienia wynosi zazwyczaj 3 dni robocze. Je\u015bli zale\u017cy Pa\u0144stwu na szybszej dostawie, serdecznie zach\u0119camy do kontaktu telefonicznego, aby\u015bmy mogli dostosowa\u0107 si\u0119 do Pa\u0144stwa preferencji.<\/p>\n<p><\/body><br \/>\n<\/html><\/p>\n","protected":false},"excerpt":{"rendered":"<p><!DOCTYPE html><br \/>\n<html lang=\"pl\"><br \/>\n<head><br \/>\n    <meta charset=\"UTF-8\"><br \/>\n    <meta name=\"viewport\" content=\"width=device-width, initial-scale=1.0\"><br \/>\n    <title>Prezent na \u015blub \u2013 Ramka z mchem i podzi\u0119kowaniami dla rodzic\u00f3w lub dziadk\u00f3w<\/title><br \/>\n<\/head><br \/>\n<body><\/p>\n<h1>Prezent na \u015blub \u2013 Ramka z mchem i podzi\u0119kowaniami dla rodzic\u00f3w lub dziadk\u00f3w<\/h1>\n<p>Podaruj rodzicom lub dziadkom co\u015b wyj\u0105tkowego z okazji \u015blubu. Bia\u0142a ramka z prawdziwym mchem oraz laserowo wycinanym sercem, sk\u0142adaj\u0105cym si\u0119 z mniejszych serc z podzi\u0119kowaniami za mi\u0142o\u015b\u0107, wsparcie i wiele wi\u0119cej, to doskona\u0142y spos\u00f3b na wyra\u017cenie wdzi\u0119czno\u015bci. Nasz\u0105 ramk\u0119, ozdabiamy najwy\u017cszej jako\u015bci mchem chrobotkiem z Finlandii. Do ka\u017cdej ramki wycinamy personalizowane imiona<\/p>\n","protected":false},"featured_media":7885,"template":"","meta":{"site-sidebar-layout":"default","site-content-layout":"","ast-site-content-layout":"default","site-content-style":"default","site-sidebar-style":"default","ast-global-header-display":"","ast-banner-title-visibility":"","ast-main-header-display":"","ast-hfb-above-header-display":"","ast-hfb-below-header-display":"","ast-hfb-mobile-header-display":"","site-post-title":"","ast-breadcrumbs-content":"","ast-featured-img":"","footer-sml-layout":"","theme-transparent-header-meta":"default","adv-header-id-meta":"","stick-header-meta":"","header-above-stick-meta":"","header-main-stick-meta":"","header-below-stick-meta":"","astra-migrate-meta-layouts":"set","ast-page-background-enabled":"default","ast-page-background-meta":{"desktop":{"background-color":"","background-image":"","background-repeat":"repeat","background-position":"center center","background-size":"auto","background-attachment":"scroll","background-type":"","background-media":"","overlay-type":"","overlay-color":"","overlay-opacity":"","overlay-gradient":""},"tablet":{"background-color":"","background-image":"","background-repeat":"repeat","background-position":"center center","background-size":"auto","background-attachment":"scroll","background-type":"","background-media":"","overlay-type":"","overlay-color":"","overlay-opacity":"","overlay-gradient":""},"mobile":{"background-color":"","background-image":"","background-repeat":"repeat","background-position":"center center","background-size":"auto","background-attachment":"scroll","background-type":"","background-media":"","overlay-type":"","overlay-color":"","overlay-opacity":"","overlay-gradient":""}},"ast-content-background-meta":{"desktop":{"background-color":"var(--ast-global-color-5)","background-image":"","background-repeat":"repeat","background-position":"center center","background-size":"auto","background-attachment":"scroll","background-type":"","background-media":"","overlay-type":"","overlay-color":"","overlay-opacity":"","overlay-gradient":""},"tablet":{"background-color":"var(--ast-global-color-5)","background-image":"","background-repeat":"repeat","background-position":"center center","background-size":"auto","background-attachment":"scroll","background-type":"","background-media":"","overlay-type":"","overlay-color":"","overlay-opacity":"","overlay-gradient":""},"mobile":{"background-color":"var(--ast-global-color-5)","background-image":"","background-repeat":"repeat","background-position":"center center","background-size":"auto","background-attachment":"scroll","background-type":"","background-media":"","overlay-type":"","overlay-color":"","overlay-opacity":"","overlay-gradient":""}}},"product_brand":[],"product_cat":[98,59],"product_tag":[],"class_list":{"0":"post-7883","1":"product","2":"type-product","3":"status-publish","4":"has-post-thumbnail","6":"product_cat-podziekowania","7":"product_cat-prezenty-z-mchem","8":"desktop-align-left","9":"tablet-align-left","10":"mobile-align-left","12":"first","13":"instock","14":"taxable","15":"shipping-taxable","16":"purchasable","17":"product-type-simple"},"yoast_head":"<!-- This site is optimized with the Yoast SEO plugin v27.4 - https:\/\/yoast.com\/product\/yoast-seo-wordpress\/ -->\n<title>Podzi\u0119kowanie \u015blubne - ramka<\/title>\n<meta name=\"description\" content=\"Podzi\u0119kowanie \u015blubne. Ramka z grawerowanymi napisami. (personalizacja i mion).\" \/>\n<meta name=\"robots\" content=\"index, follow, max-snippet:-1, max-image-preview:large, max-video-preview:-1\" \/>\n<link rel=\"canonical\" href=\"https:\/\/greenowacja.pl\/produkt\/podziekowanie-slubne-ramka\/\" \/>\n<meta property=\"og:locale\" content=\"pl_PL\" \/>\n<meta property=\"og:type\" content=\"article\" \/>\n<meta property=\"og:title\" content=\"Podzi\u0119kowanie \u015blubne - ramka\" \/>\n<meta property=\"og:description\" content=\"Podzi\u0119kowanie \u015blubne. Ramka z grawerowanymi napisami. (personalizacja i mion).\" \/>\n<meta property=\"og:url\" content=\"https:\/\/greenowacja.pl\/produkt\/podziekowanie-slubne-ramka\/\" \/>\n<meta property=\"og:site_name\" content=\"Ozdoby i prezenty z mchu | #u\u015bMECHnij si\u0119!\" \/>\n<meta property=\"article:publisher\" content=\"https:\/\/www.facebook.com\/Greenowacja\" \/>\n<meta property=\"article:modified_time\" content=\"2025-06-18T06:50:58+00:00\" \/>\n<meta property=\"og:image\" content=\"https:\/\/greenowacja.pl\/wp-content\/uploads\/2024\/06\/IMG20240626104620.jpg\" \/>\n\t<meta property=\"og:image:width\" content=\"950\" \/>\n\t<meta property=\"og:image:height\" content=\"950\" \/>\n\t<meta property=\"og:image:type\" content=\"image\/jpeg\" \/>\n<meta name=\"twitter:card\" content=\"summary_large_image\" \/>\n<meta name=\"twitter:label1\" content=\"Szacowany czas czytania\" \/>\n\t<meta name=\"twitter:data1\" content=\"2 minuty\" \/>\n<script type=\"application\/ld+json\" class=\"yoast-schema-graph\">{\"@context\":\"https:\\\/\\\/schema.org\",\"@graph\":[{\"@type\":\"WebPage\",\"@id\":\"https:\\\/\\\/greenowacja.pl\\\/produkt\\\/podziekowanie-slubne-ramka\\\/\",\"url\":\"https:\\\/\\\/greenowacja.pl\\\/produkt\\\/podziekowanie-slubne-ramka\\\/\",\"name\":\"Podzi\u0119kowanie \u015blubne - ramka\",\"isPartOf\":{\"@id\":\"https:\\\/\\\/greenowacja.pl\\\/#website\"},\"primaryImageOfPage\":{\"@id\":\"https:\\\/\\\/greenowacja.pl\\\/produkt\\\/podziekowanie-slubne-ramka\\\/#primaryimage\"},\"image\":{\"@id\":\"https:\\\/\\\/greenowacja.pl\\\/produkt\\\/podziekowanie-slubne-ramka\\\/#primaryimage\"},\"thumbnailUrl\":\"https:\\\/\\\/greenowacja.pl\\\/wp-content\\\/uploads\\\/2024\\\/06\\\/IMG20240626104620.jpg\",\"datePublished\":\"2024-06-26T10:56:52+00:00\",\"dateModified\":\"2025-06-18T06:50:58+00:00\",\"description\":\"Podzi\u0119kowanie \u015blubne. Ramka z grawerowanymi napisami. (personalizacja i mion).\",\"breadcrumb\":{\"@id\":\"https:\\\/\\\/greenowacja.pl\\\/produkt\\\/podziekowanie-slubne-ramka\\\/#breadcrumb\"},\"inLanguage\":\"pl-PL\",\"potentialAction\":[{\"@type\":\"ReadAction\",\"target\":[\"https:\\\/\\\/greenowacja.pl\\\/produkt\\\/podziekowanie-slubne-ramka\\\/\"]}]},{\"@type\":\"ImageObject\",\"inLanguage\":\"pl-PL\",\"@id\":\"https:\\\/\\\/greenowacja.pl\\\/produkt\\\/podziekowanie-slubne-ramka\\\/#primaryimage\",\"url\":\"https:\\\/\\\/greenowacja.pl\\\/wp-content\\\/uploads\\\/2024\\\/06\\\/IMG20240626104620.jpg\",\"contentUrl\":\"https:\\\/\\\/greenowacja.pl\\\/wp-content\\\/uploads\\\/2024\\\/06\\\/IMG20240626104620.jpg\",\"width\":950,\"height\":950},{\"@type\":\"BreadcrumbList\",\"@id\":\"https:\\\/\\\/greenowacja.pl\\\/produkt\\\/podziekowanie-slubne-ramka\\\/#breadcrumb\",\"itemListElement\":[{\"@type\":\"ListItem\",\"position\":1,\"name\":\"Strona g\u0142\u00f3wna\",\"item\":\"https:\\\/\\\/greenowacja.pl\\\/\"},{\"@type\":\"ListItem\",\"position\":2,\"name\":\"Sklep\",\"item\":\"https:\\\/\\\/greenowacja.pl\\\/sklep-z-mchem-chrobotkiem\\\/\"},{\"@type\":\"ListItem\",\"position\":3,\"name\":\"Podzi\u0119kowanie \u015blubne &#8211; Bia\u0142a ramka z mchem i napisami w sercach (personalizowane imiona)\"}]},{\"@type\":\"WebSite\",\"@id\":\"https:\\\/\\\/greenowacja.pl\\\/#website\",\"url\":\"https:\\\/\\\/greenowacja.pl\\\/\",\"name\":\"Ozdoby i prezenty z mchu | #u\u015bMECHnij si\u0119!\",\"description\":\"\",\"publisher\":{\"@id\":\"https:\\\/\\\/greenowacja.pl\\\/#organization\"},\"potentialAction\":[{\"@type\":\"SearchAction\",\"target\":{\"@type\":\"EntryPoint\",\"urlTemplate\":\"https:\\\/\\\/greenowacja.pl\\\/?s={search_term_string}\"},\"query-input\":{\"@type\":\"PropertyValueSpecification\",\"valueRequired\":true,\"valueName\":\"search_term_string\"}}],\"inLanguage\":\"pl-PL\"},{\"@type\":\"Organization\",\"@id\":\"https:\\\/\\\/greenowacja.pl\\\/#organization\",\"name\":\"Ozdoby i prezenty z mchu | #u\u015bMECHnij si\u0119!\",\"url\":\"https:\\\/\\\/greenowacja.pl\\\/\",\"logo\":{\"@type\":\"ImageObject\",\"inLanguage\":\"pl-PL\",\"@id\":\"https:\\\/\\\/greenowacja.pl\\\/#\\\/schema\\\/logo\\\/image\\\/\",\"url\":\"https:\\\/\\\/greenowacja.pl\\\/wp-content\\\/uploads\\\/2023\\\/08\\\/Logo-Greenowacja-wer-z-claimem-pozioma-2-kolory_Easy-Resize.com_.jpg\",\"contentUrl\":\"https:\\\/\\\/greenowacja.pl\\\/wp-content\\\/uploads\\\/2023\\\/08\\\/Logo-Greenowacja-wer-z-claimem-pozioma-2-kolory_Easy-Resize.com_.jpg\",\"width\":1280,\"height\":426,\"caption\":\"Ozdoby i prezenty z mchu | #u\u015bMECHnij si\u0119!\"},\"image\":{\"@id\":\"https:\\\/\\\/greenowacja.pl\\\/#\\\/schema\\\/logo\\\/image\\\/\"},\"sameAs\":[\"https:\\\/\\\/www.facebook.com\\\/Greenowacja\",\"https:\\\/\\\/www.instagram.com\\\/greenowacja\\\/\"]}]}<\/script>\n<!-- \/ Yoast SEO plugin. -->","yoast_head_json":{"title":"Podzi\u0119kowanie \u015blubne - ramka","description":"Podzi\u0119kowanie \u015blubne. Ramka z grawerowanymi napisami. (personalizacja i mion).","robots":{"index":"index","follow":"follow","max-snippet":"max-snippet:-1","max-image-preview":"max-image-preview:large","max-video-preview":"max-video-preview:-1"},"canonical":"https:\/\/greenowacja.pl\/produkt\/podziekowanie-slubne-ramka\/","og_locale":"pl_PL","og_type":"article","og_title":"Podzi\u0119kowanie \u015blubne - ramka","og_description":"Podzi\u0119kowanie \u015blubne. Ramka z grawerowanymi napisami. (personalizacja i mion).","og_url":"https:\/\/greenowacja.pl\/produkt\/podziekowanie-slubne-ramka\/","og_site_name":"Ozdoby i prezenty z mchu | #u\u015bMECHnij si\u0119!","article_publisher":"https:\/\/www.facebook.com\/Greenowacja","article_modified_time":"2025-06-18T06:50:58+00:00","og_image":[{"width":950,"height":950,"url":"https:\/\/greenowacja.pl\/wp-content\/uploads\/2024\/06\/IMG20240626104620.jpg","type":"image\/jpeg"}],"twitter_card":"summary_large_image","twitter_misc":{"Szacowany czas czytania":"2 minuty"},"schema":{"@context":"https:\/\/schema.org","@graph":[{"@type":"WebPage","@id":"https:\/\/greenowacja.pl\/produkt\/podziekowanie-slubne-ramka\/","url":"https:\/\/greenowacja.pl\/produkt\/podziekowanie-slubne-ramka\/","name":"Podzi\u0119kowanie \u015blubne - ramka","isPartOf":{"@id":"https:\/\/greenowacja.pl\/#website"},"primaryImageOfPage":{"@id":"https:\/\/greenowacja.pl\/produkt\/podziekowanie-slubne-ramka\/#primaryimage"},"image":{"@id":"https:\/\/greenowacja.pl\/produkt\/podziekowanie-slubne-ramka\/#primaryimage"},"thumbnailUrl":"https:\/\/greenowacja.pl\/wp-content\/uploads\/2024\/06\/IMG20240626104620.jpg","datePublished":"2024-06-26T10:56:52+00:00","dateModified":"2025-06-18T06:50:58+00:00","description":"Podzi\u0119kowanie \u015blubne. Ramka z grawerowanymi napisami. (personalizacja i mion).","breadcrumb":{"@id":"https:\/\/greenowacja.pl\/produkt\/podziekowanie-slubne-ramka\/#breadcrumb"},"inLanguage":"pl-PL","potentialAction":[{"@type":"ReadAction","target":["https:\/\/greenowacja.pl\/produkt\/podziekowanie-slubne-ramka\/"]}]},{"@type":"ImageObject","inLanguage":"pl-PL","@id":"https:\/\/greenowacja.pl\/produkt\/podziekowanie-slubne-ramka\/#primaryimage","url":"https:\/\/greenowacja.pl\/wp-content\/uploads\/2024\/06\/IMG20240626104620.jpg","contentUrl":"https:\/\/greenowacja.pl\/wp-content\/uploads\/2024\/06\/IMG20240626104620.jpg","width":950,"height":950},{"@type":"BreadcrumbList","@id":"https:\/\/greenowacja.pl\/produkt\/podziekowanie-slubne-ramka\/#breadcrumb","itemListElement":[{"@type":"ListItem","position":1,"name":"Strona g\u0142\u00f3wna","item":"https:\/\/greenowacja.pl\/"},{"@type":"ListItem","position":2,"name":"Sklep","item":"https:\/\/greenowacja.pl\/sklep-z-mchem-chrobotkiem\/"},{"@type":"ListItem","position":3,"name":"Podzi\u0119kowanie \u015blubne &#8211; Bia\u0142a ramka z mchem i napisami w sercach (personalizowane imiona)"}]},{"@type":"WebSite","@id":"https:\/\/greenowacja.pl\/#website","url":"https:\/\/greenowacja.pl\/","name":"Ozdoby i prezenty z mchu | #u\u015bMECHnij si\u0119!","description":"","publisher":{"@id":"https:\/\/greenowacja.pl\/#organization"},"potentialAction":[{"@type":"SearchAction","target":{"@type":"EntryPoint","urlTemplate":"https:\/\/greenowacja.pl\/?s={search_term_string}"},"query-input":{"@type":"PropertyValueSpecification","valueRequired":true,"valueName":"search_term_string"}}],"inLanguage":"pl-PL"},{"@type":"Organization","@id":"https:\/\/greenowacja.pl\/#organization","name":"Ozdoby i prezenty z mchu | #u\u015bMECHnij si\u0119!","url":"https:\/\/greenowacja.pl\/","logo":{"@type":"ImageObject","inLanguage":"pl-PL","@id":"https:\/\/greenowacja.pl\/#\/schema\/logo\/image\/","url":"https:\/\/greenowacja.pl\/wp-content\/uploads\/2023\/08\/Logo-Greenowacja-wer-z-claimem-pozioma-2-kolory_Easy-Resize.com_.jpg","contentUrl":"https:\/\/greenowacja.pl\/wp-content\/uploads\/2023\/08\/Logo-Greenowacja-wer-z-claimem-pozioma-2-kolory_Easy-Resize.com_.jpg","width":1280,"height":426,"caption":"Ozdoby i prezenty z mchu | #u\u015bMECHnij si\u0119!"},"image":{"@id":"https:\/\/greenowacja.pl\/#\/schema\/logo\/image\/"},"sameAs":["https:\/\/www.facebook.com\/Greenowacja","https:\/\/www.instagram.com\/greenowacja\/"]}]}},"_links":{"self":[{"href":"https:\/\/greenowacja.pl\/wp-json\/wp\/v2\/product\/7883","targetHints":{"allow":["GET"]}}],"collection":[{"href":"https:\/\/greenowacja.pl\/wp-json\/wp\/v2\/product"}],"about":[{"href":"https:\/\/greenowacja.pl\/wp-json\/wp\/v2\/types\/product"}],"wp:featuredmedia":[{"embeddable":true,"href":"https:\/\/greenowacja.pl\/wp-json\/wp\/v2\/media\/7885"}],"wp:attachment":[{"href":"https:\/\/greenowacja.pl\/wp-json\/wp\/v2\/media?parent=7883"}],"wp:term":[{"taxonomy":"product_brand","embeddable":true,"href":"https:\/\/greenowacja.pl\/wp-json\/wp\/v2\/product_brand?post=7883"},{"taxonomy":"product_cat","embeddable":true,"href":"https:\/\/greenowacja.pl\/wp-json\/wp\/v2\/product_cat?post=7883"},{"taxonomy":"product_tag","embeddable":true,"href":"https:\/\/greenowacja.pl\/wp-json\/wp\/v2\/product_tag?post=7883"}],"curies":[{"name":"wp","href":"https:\/\/api.w.org\/{rel}","templated":true}]}}