{"id":7980,"date":"2024-07-11T15:32:49","date_gmt":"2024-07-11T13:32:49","guid":{"rendered":"https:\/\/greenowacja.pl\/?post_type=product&#038;p=7980"},"modified":"2025-06-18T08:50:44","modified_gmt":"2025-06-18T06:50:44","slug":"drewno-opalane-ozdobione-mchem-15cm","status":"publish","type":"product","link":"https:\/\/greenowacja.pl\/produkt\/drewno-opalane-ozdobione-mchem-15cm\/","title":{"rendered":"Drewno opalane, ozdobione mchem &#8211; 15cm"},"content":{"rendered":"<p><strong>Drewno opalane ozdobione mchem.<\/strong><\/p>\n<p>Nasz nowy produkt to lity kawa\u0142ek drewna d\u0119bowego, pi\u0119knie ozdobiony chrobotkiem reniferowym. To po\u0142\u0105czenie dw\u00f3ch naturalnych element\u00f3w nadaje mu niepowtarzalny urok, kt\u00f3ry doskonale wkomponuje si\u0119 w ka\u017cde wn\u0119trze, od salonu po \u0142azienk\u0119. Ozdoby z chrobotkiem \u015bwietnie sprawdz\u0105 si\u0119 jako ciekawy dodatek do Twojego domu lub jako oryginalny prezent dla bliskiej osoby. Dodatkowo, je\u015bli zapominasz podlewa\u0107 ro\u015bliny, to ta ozdoba jest dla Ciebie idealna, poniewa\u017c nie wymaga piel\u0119gnacji.<\/p>\n<p><strong>Ozdoby z chrobotkiem sprawdz\u0105 si\u0119 \u015bwietnie je\u015bli:<\/strong><\/p>\n<p>\u2013 szukasz ciekawego dodatku do wn\u0119trz<\/p>\n<p>\u2013 szukasz oryginalnego prezentu<\/p>\n<p>\u2013 zapominasz podlewa\u0107 ro\u015bliny<\/p>\n<p>&nbsp;<\/p>\n<p><strong>Dane techniczne:<\/strong><\/p>\n<ul>\n<li>d\u0142ugo\u015b\u0107: ok. 15cm<\/li>\n<li>szeroko\u015b\u0107 :7cm<\/li>\n<li>wysoko\u015b\u0107: ok. 10 cm (razem z chrobotkiem)<\/li>\n<li>materia\u0142: drewno d\u0119bowe<\/li>\n<\/ul>\n<p>Do ka\u017cdego naszego produktu dodajemy wytyczne jak piel\u0119gnowa\u0107 chrobotka reniferowego.<\/p>\n<p>Przyst\u0119pujemy do tworzenia ozd\u00f3b po ich zam\u00f3wieniu online, czas realizacji zam\u00f3wienia trwa 3 dni robocze.<\/p>\n<p>Je\u017celi zale\u017cy Pa\u0144stwu na szybszej wysy\u0142ce, prosimy o kontakt telefoniczny.<\/p>\n","protected":false},"excerpt":{"rendered":"<p><strong>Drewno opalane ozdobione mchem<\/strong> reniferowym to po\u0142\u0105czenie dw\u00f3ch naturalnych materia\u0142\u00f3w.<\/p>\n<p>Lity kawa\u0142ek drewna d\u0119bowego \u015bwietnie sprawdzi si\u0119 jako interesuj\u0105cy element Twojego salonu, jadalni lub \u0142azienki.<\/p>\n","protected":false},"featured_media":7977,"template":"","meta":{"site-sidebar-layout":"default","site-content-layout":"","ast-site-content-layout":"default","site-content-style":"default","site-sidebar-style":"default","ast-global-header-display":"","ast-banner-title-visibility":"","ast-main-header-display":"","ast-hfb-above-header-display":"","ast-hfb-below-header-display":"","ast-hfb-mobile-header-display":"","site-post-title":"","ast-breadcrumbs-content":"","ast-featured-img":"","footer-sml-layout":"","theme-transparent-header-meta":"default","adv-header-id-meta":"","stick-header-meta":"","header-above-stick-meta":"","header-main-stick-meta":"","header-below-stick-meta":"","astra-migrate-meta-layouts":"set","ast-page-background-enabled":"default","ast-page-background-meta":{"desktop":{"background-color":"","background-image":"","background-repeat":"repeat","background-position":"center center","background-size":"auto","background-attachment":"scroll","background-type":"","background-media":"","overlay-type":"","overlay-color":"","overlay-opacity":"","overlay-gradient":""},"tablet":{"background-color":"","background-image":"","background-repeat":"repeat","background-position":"center center","background-size":"auto","background-attachment":"scroll","background-type":"","background-media":"","overlay-type":"","overlay-color":"","overlay-opacity":"","overlay-gradient":""},"mobile":{"background-color":"","background-image":"","background-repeat":"repeat","background-position":"center center","background-size":"auto","background-attachment":"scroll","background-type":"","background-media":"","overlay-type":"","overlay-color":"","overlay-opacity":"","overlay-gradient":""}},"ast-content-background-meta":{"desktop":{"background-color":"var(--ast-global-color-5)","background-image":"","background-repeat":"repeat","background-position":"center center","background-size":"auto","background-attachment":"scroll","background-type":"","background-media":"","overlay-type":"","overlay-color":"","overlay-opacity":"","overlay-gradient":""},"tablet":{"background-color":"var(--ast-global-color-5)","background-image":"","background-repeat":"repeat","background-position":"center center","background-size":"auto","background-attachment":"scroll","background-type":"","background-media":"","overlay-type":"","overlay-color":"","overlay-opacity":"","overlay-gradient":""},"mobile":{"background-color":"var(--ast-global-color-5)","background-image":"","background-repeat":"repeat","background-position":"center center","background-size":"auto","background-attachment":"scroll","background-type":"","background-media":"","overlay-type":"","overlay-color":"","overlay-opacity":"","overlay-gradient":""}}},"product_brand":[],"product_cat":[95],"product_tag":[],"class_list":{"0":"post-7980","1":"product","2":"type-product","3":"status-publish","4":"has-post-thumbnail","6":"product_cat-drewno-i-mech","7":"desktop-align-left","8":"tablet-align-left","9":"mobile-align-left","11":"first","12":"instock","13":"taxable","14":"shipping-taxable","15":"purchasable","16":"product-type-simple"},"yoast_head":"<!-- This site is optimized with the Yoast SEO plugin v27.4 - https:\/\/yoast.com\/product\/yoast-seo-wordpress\/ -->\n<title>Drewno opalane ozdobione mchem<\/title>\n<meta name=\"description\" content=\"Drewno opalane ozdobione mchem reniferowym to po\u0142\u0105czenie dw\u00f3ch naturalnych materia\u0142\u00f3w. \u015awietnie sprawdzi si\u0119 jako interesuj\u0105cy element Twojego salonu, jadalni, czy \u0142azienki.\u00a0\" \/>\n<meta name=\"robots\" content=\"index, follow, max-snippet:-1, max-image-preview:large, max-video-preview:-1\" \/>\n<link rel=\"canonical\" href=\"https:\/\/greenowacja.pl\/produkt\/drewno-opalane-ozdobione-mchem-15cm\/\" \/>\n<meta property=\"og:locale\" content=\"pl_PL\" \/>\n<meta property=\"og:type\" content=\"article\" \/>\n<meta property=\"og:title\" content=\"Drewno opalane ozdobione mchem\" \/>\n<meta property=\"og:description\" content=\"Drewno opalane ozdobione mchem reniferowym to po\u0142\u0105czenie dw\u00f3ch naturalnych materia\u0142\u00f3w. \u015awietnie sprawdzi si\u0119 jako interesuj\u0105cy element Twojego salonu, jadalni, czy \u0142azienki.\u00a0\" \/>\n<meta property=\"og:url\" content=\"https:\/\/greenowacja.pl\/produkt\/drewno-opalane-ozdobione-mchem-15cm\/\" \/>\n<meta property=\"og:site_name\" content=\"Ozdoby i prezenty z mchu | #u\u015bMECHnij si\u0119!\" \/>\n<meta property=\"article:publisher\" content=\"https:\/\/www.facebook.com\/Greenowacja\" \/>\n<meta property=\"article:modified_time\" content=\"2025-06-18T06:50:44+00:00\" \/>\n<meta property=\"og:image\" content=\"https:\/\/greenowacja.pl\/wp-content\/uploads\/2024\/03\/IMG20240711133202.jpg\" \/>\n\t<meta property=\"og:image:width\" content=\"950\" \/>\n\t<meta property=\"og:image:height\" content=\"950\" \/>\n\t<meta property=\"og:image:type\" content=\"image\/jpeg\" \/>\n<meta name=\"twitter:card\" content=\"summary_large_image\" \/>\n<meta name=\"twitter:label1\" content=\"Szacowany czas czytania\" \/>\n\t<meta name=\"twitter:data1\" content=\"2 minuty\" \/>\n<script type=\"application\/ld+json\" class=\"yoast-schema-graph\">{\"@context\":\"https:\\\/\\\/schema.org\",\"@graph\":[{\"@type\":\"WebPage\",\"@id\":\"https:\\\/\\\/greenowacja.pl\\\/produkt\\\/drewno-opalane-ozdobione-mchem-15cm\\\/\",\"url\":\"https:\\\/\\\/greenowacja.pl\\\/produkt\\\/drewno-opalane-ozdobione-mchem-15cm\\\/\",\"name\":\"Drewno opalane ozdobione mchem\",\"isPartOf\":{\"@id\":\"https:\\\/\\\/greenowacja.pl\\\/#website\"},\"primaryImageOfPage\":{\"@id\":\"https:\\\/\\\/greenowacja.pl\\\/produkt\\\/drewno-opalane-ozdobione-mchem-15cm\\\/#primaryimage\"},\"image\":{\"@id\":\"https:\\\/\\\/greenowacja.pl\\\/produkt\\\/drewno-opalane-ozdobione-mchem-15cm\\\/#primaryimage\"},\"thumbnailUrl\":\"https:\\\/\\\/greenowacja.pl\\\/wp-content\\\/uploads\\\/2024\\\/03\\\/IMG20240711133202.jpg\",\"datePublished\":\"2024-07-11T13:32:49+00:00\",\"dateModified\":\"2025-06-18T06:50:44+00:00\",\"description\":\"Drewno opalane ozdobione mchem reniferowym to po\u0142\u0105czenie dw\u00f3ch naturalnych materia\u0142\u00f3w. \u015awietnie sprawdzi si\u0119 jako interesuj\u0105cy element Twojego salonu, jadalni, czy \u0142azienki.\u00a0\",\"breadcrumb\":{\"@id\":\"https:\\\/\\\/greenowacja.pl\\\/produkt\\\/drewno-opalane-ozdobione-mchem-15cm\\\/#breadcrumb\"},\"inLanguage\":\"pl-PL\",\"potentialAction\":[{\"@type\":\"ReadAction\",\"target\":[\"https:\\\/\\\/greenowacja.pl\\\/produkt\\\/drewno-opalane-ozdobione-mchem-15cm\\\/\"]}]},{\"@type\":\"ImageObject\",\"inLanguage\":\"pl-PL\",\"@id\":\"https:\\\/\\\/greenowacja.pl\\\/produkt\\\/drewno-opalane-ozdobione-mchem-15cm\\\/#primaryimage\",\"url\":\"https:\\\/\\\/greenowacja.pl\\\/wp-content\\\/uploads\\\/2024\\\/03\\\/IMG20240711133202.jpg\",\"contentUrl\":\"https:\\\/\\\/greenowacja.pl\\\/wp-content\\\/uploads\\\/2024\\\/03\\\/IMG20240711133202.jpg\",\"width\":950,\"height\":950},{\"@type\":\"BreadcrumbList\",\"@id\":\"https:\\\/\\\/greenowacja.pl\\\/produkt\\\/drewno-opalane-ozdobione-mchem-15cm\\\/#breadcrumb\",\"itemListElement\":[{\"@type\":\"ListItem\",\"position\":1,\"name\":\"Strona g\u0142\u00f3wna\",\"item\":\"https:\\\/\\\/greenowacja.pl\\\/\"},{\"@type\":\"ListItem\",\"position\":2,\"name\":\"Sklep\",\"item\":\"https:\\\/\\\/greenowacja.pl\\\/sklep-z-mchem-chrobotkiem\\\/\"},{\"@type\":\"ListItem\",\"position\":3,\"name\":\"Drewno opalane, ozdobione mchem &#8211; 15cm\"}]},{\"@type\":\"WebSite\",\"@id\":\"https:\\\/\\\/greenowacja.pl\\\/#website\",\"url\":\"https:\\\/\\\/greenowacja.pl\\\/\",\"name\":\"Ozdoby i prezenty z mchu | #u\u015bMECHnij si\u0119!\",\"description\":\"\",\"publisher\":{\"@id\":\"https:\\\/\\\/greenowacja.pl\\\/#organization\"},\"potentialAction\":[{\"@type\":\"SearchAction\",\"target\":{\"@type\":\"EntryPoint\",\"urlTemplate\":\"https:\\\/\\\/greenowacja.pl\\\/?s={search_term_string}\"},\"query-input\":{\"@type\":\"PropertyValueSpecification\",\"valueRequired\":true,\"valueName\":\"search_term_string\"}}],\"inLanguage\":\"pl-PL\"},{\"@type\":\"Organization\",\"@id\":\"https:\\\/\\\/greenowacja.pl\\\/#organization\",\"name\":\"Ozdoby i prezenty z mchu | #u\u015bMECHnij si\u0119!\",\"url\":\"https:\\\/\\\/greenowacja.pl\\\/\",\"logo\":{\"@type\":\"ImageObject\",\"inLanguage\":\"pl-PL\",\"@id\":\"https:\\\/\\\/greenowacja.pl\\\/#\\\/schema\\\/logo\\\/image\\\/\",\"url\":\"https:\\\/\\\/greenowacja.pl\\\/wp-content\\\/uploads\\\/2023\\\/08\\\/Logo-Greenowacja-wer-z-claimem-pozioma-2-kolory_Easy-Resize.com_.jpg\",\"contentUrl\":\"https:\\\/\\\/greenowacja.pl\\\/wp-content\\\/uploads\\\/2023\\\/08\\\/Logo-Greenowacja-wer-z-claimem-pozioma-2-kolory_Easy-Resize.com_.jpg\",\"width\":1280,\"height\":426,\"caption\":\"Ozdoby i prezenty z mchu | #u\u015bMECHnij si\u0119!\"},\"image\":{\"@id\":\"https:\\\/\\\/greenowacja.pl\\\/#\\\/schema\\\/logo\\\/image\\\/\"},\"sameAs\":[\"https:\\\/\\\/www.facebook.com\\\/Greenowacja\",\"https:\\\/\\\/www.instagram.com\\\/greenowacja\\\/\"]}]}<\/script>\n<!-- \/ Yoast SEO plugin. -->","yoast_head_json":{"title":"Drewno opalane ozdobione mchem","description":"Drewno opalane ozdobione mchem reniferowym to po\u0142\u0105czenie dw\u00f3ch naturalnych materia\u0142\u00f3w. \u015awietnie sprawdzi si\u0119 jako interesuj\u0105cy element Twojego salonu, jadalni, czy \u0142azienki.\u00a0","robots":{"index":"index","follow":"follow","max-snippet":"max-snippet:-1","max-image-preview":"max-image-preview:large","max-video-preview":"max-video-preview:-1"},"canonical":"https:\/\/greenowacja.pl\/produkt\/drewno-opalane-ozdobione-mchem-15cm\/","og_locale":"pl_PL","og_type":"article","og_title":"Drewno opalane ozdobione mchem","og_description":"Drewno opalane ozdobione mchem reniferowym to po\u0142\u0105czenie dw\u00f3ch naturalnych materia\u0142\u00f3w. \u015awietnie sprawdzi si\u0119 jako interesuj\u0105cy element Twojego salonu, jadalni, czy \u0142azienki.\u00a0","og_url":"https:\/\/greenowacja.pl\/produkt\/drewno-opalane-ozdobione-mchem-15cm\/","og_site_name":"Ozdoby i prezenty z mchu | #u\u015bMECHnij si\u0119!","article_publisher":"https:\/\/www.facebook.com\/Greenowacja","article_modified_time":"2025-06-18T06:50:44+00:00","og_image":[{"width":950,"height":950,"url":"https:\/\/greenowacja.pl\/wp-content\/uploads\/2024\/03\/IMG20240711133202.jpg","type":"image\/jpeg"}],"twitter_card":"summary_large_image","twitter_misc":{"Szacowany czas czytania":"2 minuty"},"schema":{"@context":"https:\/\/schema.org","@graph":[{"@type":"WebPage","@id":"https:\/\/greenowacja.pl\/produkt\/drewno-opalane-ozdobione-mchem-15cm\/","url":"https:\/\/greenowacja.pl\/produkt\/drewno-opalane-ozdobione-mchem-15cm\/","name":"Drewno opalane ozdobione mchem","isPartOf":{"@id":"https:\/\/greenowacja.pl\/#website"},"primaryImageOfPage":{"@id":"https:\/\/greenowacja.pl\/produkt\/drewno-opalane-ozdobione-mchem-15cm\/#primaryimage"},"image":{"@id":"https:\/\/greenowacja.pl\/produkt\/drewno-opalane-ozdobione-mchem-15cm\/#primaryimage"},"thumbnailUrl":"https:\/\/greenowacja.pl\/wp-content\/uploads\/2024\/03\/IMG20240711133202.jpg","datePublished":"2024-07-11T13:32:49+00:00","dateModified":"2025-06-18T06:50:44+00:00","description":"Drewno opalane ozdobione mchem reniferowym to po\u0142\u0105czenie dw\u00f3ch naturalnych materia\u0142\u00f3w. \u015awietnie sprawdzi si\u0119 jako interesuj\u0105cy element Twojego salonu, jadalni, czy \u0142azienki.\u00a0","breadcrumb":{"@id":"https:\/\/greenowacja.pl\/produkt\/drewno-opalane-ozdobione-mchem-15cm\/#breadcrumb"},"inLanguage":"pl-PL","potentialAction":[{"@type":"ReadAction","target":["https:\/\/greenowacja.pl\/produkt\/drewno-opalane-ozdobione-mchem-15cm\/"]}]},{"@type":"ImageObject","inLanguage":"pl-PL","@id":"https:\/\/greenowacja.pl\/produkt\/drewno-opalane-ozdobione-mchem-15cm\/#primaryimage","url":"https:\/\/greenowacja.pl\/wp-content\/uploads\/2024\/03\/IMG20240711133202.jpg","contentUrl":"https:\/\/greenowacja.pl\/wp-content\/uploads\/2024\/03\/IMG20240711133202.jpg","width":950,"height":950},{"@type":"BreadcrumbList","@id":"https:\/\/greenowacja.pl\/produkt\/drewno-opalane-ozdobione-mchem-15cm\/#breadcrumb","itemListElement":[{"@type":"ListItem","position":1,"name":"Strona g\u0142\u00f3wna","item":"https:\/\/greenowacja.pl\/"},{"@type":"ListItem","position":2,"name":"Sklep","item":"https:\/\/greenowacja.pl\/sklep-z-mchem-chrobotkiem\/"},{"@type":"ListItem","position":3,"name":"Drewno opalane, ozdobione mchem &#8211; 15cm"}]},{"@type":"WebSite","@id":"https:\/\/greenowacja.pl\/#website","url":"https:\/\/greenowacja.pl\/","name":"Ozdoby i prezenty z mchu | #u\u015bMECHnij si\u0119!","description":"","publisher":{"@id":"https:\/\/greenowacja.pl\/#organization"},"potentialAction":[{"@type":"SearchAction","target":{"@type":"EntryPoint","urlTemplate":"https:\/\/greenowacja.pl\/?s={search_term_string}"},"query-input":{"@type":"PropertyValueSpecification","valueRequired":true,"valueName":"search_term_string"}}],"inLanguage":"pl-PL"},{"@type":"Organization","@id":"https:\/\/greenowacja.pl\/#organization","name":"Ozdoby i prezenty z mchu | #u\u015bMECHnij si\u0119!","url":"https:\/\/greenowacja.pl\/","logo":{"@type":"ImageObject","inLanguage":"pl-PL","@id":"https:\/\/greenowacja.pl\/#\/schema\/logo\/image\/","url":"https:\/\/greenowacja.pl\/wp-content\/uploads\/2023\/08\/Logo-Greenowacja-wer-z-claimem-pozioma-2-kolory_Easy-Resize.com_.jpg","contentUrl":"https:\/\/greenowacja.pl\/wp-content\/uploads\/2023\/08\/Logo-Greenowacja-wer-z-claimem-pozioma-2-kolory_Easy-Resize.com_.jpg","width":1280,"height":426,"caption":"Ozdoby i prezenty z mchu | #u\u015bMECHnij si\u0119!"},"image":{"@id":"https:\/\/greenowacja.pl\/#\/schema\/logo\/image\/"},"sameAs":["https:\/\/www.facebook.com\/Greenowacja","https:\/\/www.instagram.com\/greenowacja\/"]}]}},"_links":{"self":[{"href":"https:\/\/greenowacja.pl\/wp-json\/wp\/v2\/product\/7980","targetHints":{"allow":["GET"]}}],"collection":[{"href":"https:\/\/greenowacja.pl\/wp-json\/wp\/v2\/product"}],"about":[{"href":"https:\/\/greenowacja.pl\/wp-json\/wp\/v2\/types\/product"}],"wp:featuredmedia":[{"embeddable":true,"href":"https:\/\/greenowacja.pl\/wp-json\/wp\/v2\/media\/7977"}],"wp:attachment":[{"href":"https:\/\/greenowacja.pl\/wp-json\/wp\/v2\/media?parent=7980"}],"wp:term":[{"taxonomy":"product_brand","embeddable":true,"href":"https:\/\/greenowacja.pl\/wp-json\/wp\/v2\/product_brand?post=7980"},{"taxonomy":"product_cat","embeddable":true,"href":"https:\/\/greenowacja.pl\/wp-json\/wp\/v2\/product_cat?post=7980"},{"taxonomy":"product_tag","embeddable":true,"href":"https:\/\/greenowacja.pl\/wp-json\/wp\/v2\/product_tag?post=7980"}],"curies":[{"name":"wp","href":"https:\/\/api.w.org\/{rel}","templated":true}]}}