{"id":7988,"date":"2024-07-11T15:48:53","date_gmt":"2024-07-11T13:48:53","guid":{"rendered":"https:\/\/greenowacja.pl\/?post_type=product&#038;p=7988"},"modified":"2025-06-18T08:50:39","modified_gmt":"2025-06-18T06:50:39","slug":"doniczka-podluzna-z-mchem-biala-2","status":"publish","type":"product","link":"https:\/\/greenowacja.pl\/produkt\/doniczka-podluzna-z-mchem-biala-2\/","title":{"rendered":"Pod\u0142u\u017cna doniczka z mchem &#8211; bia\u0142a"},"content":{"rendered":"<p><strong>Doniczka pod\u0142u\u017cna ozdobiona chrobotkiem reniferowym<\/strong>\u00a0\u2013 oryginalny dodatek do Twojego wn\u0119trza!<\/p>\n<p>Ta doniczka z pewno\u015bci\u0105 przyci\u0105gnie uwag\u0119 wszystkich mi\u0142o\u015bnik\u00f3w ciekawych ozd\u00f3b.<\/p>\n<p>Doniczka z chrobotkiem to idealny wyb\u00f3r, je\u015bli:<\/p>\n<ul>\n<li>Szukasz ciekawego dodatku do swojego wn\u0119trza.<\/li>\n<li>Poszukujesz oryginalnego prezentu dla bliskiej osoby.<\/li>\n<li>Cz\u0119sto zapominasz podlewa\u0107 ro\u015bliny \u2013 z chrobotkiem reniferowym nie musisz si\u0119 tym martwi\u0107.<\/li>\n<\/ul>\n<p>Dodatkow\u0105 zalet\u0105 tej doniczki jest praktyczno\u015b\u0107 dla os\u00f3b zapominaj\u0105cych o regularnym podlewaniu ro\u015blin. Chrobotek reniferowy nie wymaga troszczenia si\u0119 o nawodnienie, co czyni go idealn\u0105 ozdob\u0105 dla tych, kt\u00f3rzy nie s\u0105 zbyt do\u015bwiadczeni w piel\u0119gnacji ro\u015blin.<\/p>\n<p>Cechy:<\/p>\n<ul>\n<li>d\u0142ugo\u015b\u0107 30 cm<\/li>\n<li>szeroko\u015b\u0107 10 cm<\/li>\n<li>wysoko\u015b\u0107 ok. 15 cm (razem z mchem)<\/li>\n<li>waga ok 640g<\/li>\n<\/ul>\n","protected":false},"excerpt":{"rendered":"<p><strong>Doniczka pod\u0142u\u017cna w kolorze bia\u0142ym z kokardk\u0105 ozdobiona mchem chrobotkiem reniferowym<\/strong> doskonale sprawdzi si\u0119, je\u015bli poszukujesz ciekawego elementu dekoracyjnego, kt\u00f3ry odzwierciedli Tw\u00f3j wyszukany gust. To r\u00f3wnie\u017c doskona\u0142y pomys\u0142 na oryginalny prezent dla bliskiej osoby, kt\u00f3ry zaskoczy i ucieszy swoj\u0105 nietuzinkowo\u015bci\u0105.<\/p>\n<p>&nbsp;<\/p>\n","protected":false},"featured_media":7989,"template":"","meta":{"site-sidebar-layout":"default","site-content-layout":"default","ast-site-content-layout":"default","site-content-style":"default","site-sidebar-style":"default","ast-global-header-display":"","ast-banner-title-visibility":"","ast-main-header-display":"","ast-hfb-above-header-display":"","ast-hfb-below-header-display":"","ast-hfb-mobile-header-display":"","site-post-title":"","ast-breadcrumbs-content":"","ast-featured-img":"","footer-sml-layout":"","theme-transparent-header-meta":"default","adv-header-id-meta":"","stick-header-meta":"","header-above-stick-meta":"","header-main-stick-meta":"","header-below-stick-meta":"","astra-migrate-meta-layouts":"set","ast-page-background-enabled":"default","ast-page-background-meta":{"desktop":{"background-color":"","background-image":"","background-repeat":"repeat","background-position":"center center","background-size":"auto","background-attachment":"scroll","background-type":"","background-media":"","overlay-type":"","overlay-color":"","overlay-opacity":"","overlay-gradient":""},"tablet":{"background-color":"","background-image":"","background-repeat":"repeat","background-position":"center center","background-size":"auto","background-attachment":"scroll","background-type":"","background-media":"","overlay-type":"","overlay-color":"","overlay-opacity":"","overlay-gradient":""},"mobile":{"background-color":"","background-image":"","background-repeat":"repeat","background-position":"center center","background-size":"auto","background-attachment":"scroll","background-type":"","background-media":"","overlay-type":"","overlay-color":"","overlay-opacity":"","overlay-gradient":""}},"ast-content-background-meta":{"desktop":{"background-color":"var(--ast-global-color-5)","background-image":"","background-repeat":"repeat","background-position":"center center","background-size":"auto","background-attachment":"scroll","background-type":"","background-media":"","overlay-type":"","overlay-color":"","overlay-opacity":"","overlay-gradient":""},"tablet":{"background-color":"var(--ast-global-color-5)","background-image":"","background-repeat":"repeat","background-position":"center center","background-size":"auto","background-attachment":"scroll","background-type":"","background-media":"","overlay-type":"","overlay-color":"","overlay-opacity":"","overlay-gradient":""},"mobile":{"background-color":"var(--ast-global-color-5)","background-image":"","background-repeat":"repeat","background-position":"center center","background-size":"auto","background-attachment":"scroll","background-type":"","background-media":"","overlay-type":"","overlay-color":"","overlay-opacity":"","overlay-gradient":""}}},"product_brand":[],"product_cat":[30],"product_tag":[],"class_list":{"0":"post-7988","1":"product","2":"type-product","3":"status-publish","4":"has-post-thumbnail","6":"product_cat-doniczki-z-chrobotkiem","7":"desktop-align-left","8":"tablet-align-left","9":"mobile-align-left","11":"first","12":"instock","13":"taxable","14":"shipping-taxable","15":"purchasable","16":"product-type-simple"},"yoast_head":"<!-- This site is optimized with the Yoast SEO plugin v27.4 - https:\/\/yoast.com\/product\/yoast-seo-wordpress\/ -->\n<title>Doniczka owalna z kokardk\u0105<\/title>\n<meta name=\"description\" content=\"Doniczka pod\u0142u\u017cna ozdobiona chrobotkiem - oryginalny dodatek do wn\u0119trza! Ta nietypowa doniczka z pewno\u015bci\u0105 przyci\u0105gnie uwag\u0119 wszystkich mi\u0142o\u015bnik\u00f3w nietypowych ozd\u00f3b..\" \/>\n<meta name=\"robots\" content=\"index, follow, max-snippet:-1, max-image-preview:large, max-video-preview:-1\" \/>\n<link rel=\"canonical\" href=\"https:\/\/greenowacja.pl\/produkt\/doniczka-podluzna-z-mchem-biala-2\/\" \/>\n<meta property=\"og:locale\" content=\"pl_PL\" \/>\n<meta property=\"og:type\" content=\"article\" \/>\n<meta property=\"og:title\" content=\"Doniczka owalna z kokardk\u0105\" \/>\n<meta property=\"og:description\" content=\"Doniczka pod\u0142u\u017cna ozdobiona chrobotkiem - oryginalny dodatek do wn\u0119trza! Ta nietypowa doniczka z pewno\u015bci\u0105 przyci\u0105gnie uwag\u0119 wszystkich mi\u0142o\u015bnik\u00f3w nietypowych ozd\u00f3b..\" \/>\n<meta property=\"og:url\" content=\"https:\/\/greenowacja.pl\/produkt\/doniczka-podluzna-z-mchem-biala-2\/\" \/>\n<meta property=\"og:site_name\" content=\"Ozdoby i prezenty z mchu | #u\u015bMECHnij si\u0119!\" \/>\n<meta property=\"article:publisher\" content=\"https:\/\/www.facebook.com\/Greenowacja\" \/>\n<meta property=\"article:modified_time\" content=\"2025-06-18T06:50:39+00:00\" \/>\n<meta property=\"og:image\" content=\"https:\/\/greenowacja.pl\/wp-content\/uploads\/2024\/07\/IMG20240711134354.jpg\" \/>\n\t<meta property=\"og:image:width\" content=\"950\" \/>\n\t<meta property=\"og:image:height\" content=\"950\" \/>\n\t<meta property=\"og:image:type\" content=\"image\/jpeg\" \/>\n<meta name=\"twitter:card\" content=\"summary_large_image\" \/>\n<meta name=\"twitter:label1\" content=\"Szacowany czas czytania\" \/>\n\t<meta name=\"twitter:data1\" content=\"1 minuta\" \/>\n<script type=\"application\/ld+json\" class=\"yoast-schema-graph\">{\"@context\":\"https:\\\/\\\/schema.org\",\"@graph\":[{\"@type\":\"WebPage\",\"@id\":\"https:\\\/\\\/greenowacja.pl\\\/produkt\\\/doniczka-podluzna-z-mchem-biala-2\\\/\",\"url\":\"https:\\\/\\\/greenowacja.pl\\\/produkt\\\/doniczka-podluzna-z-mchem-biala-2\\\/\",\"name\":\"Doniczka owalna z kokardk\u0105\",\"isPartOf\":{\"@id\":\"https:\\\/\\\/greenowacja.pl\\\/#website\"},\"primaryImageOfPage\":{\"@id\":\"https:\\\/\\\/greenowacja.pl\\\/produkt\\\/doniczka-podluzna-z-mchem-biala-2\\\/#primaryimage\"},\"image\":{\"@id\":\"https:\\\/\\\/greenowacja.pl\\\/produkt\\\/doniczka-podluzna-z-mchem-biala-2\\\/#primaryimage\"},\"thumbnailUrl\":\"https:\\\/\\\/greenowacja.pl\\\/wp-content\\\/uploads\\\/2024\\\/07\\\/IMG20240711134354.jpg\",\"datePublished\":\"2024-07-11T13:48:53+00:00\",\"dateModified\":\"2025-06-18T06:50:39+00:00\",\"description\":\"Doniczka pod\u0142u\u017cna ozdobiona chrobotkiem - oryginalny dodatek do wn\u0119trza! Ta nietypowa doniczka z pewno\u015bci\u0105 przyci\u0105gnie uwag\u0119 wszystkich mi\u0142o\u015bnik\u00f3w nietypowych ozd\u00f3b..\",\"breadcrumb\":{\"@id\":\"https:\\\/\\\/greenowacja.pl\\\/produkt\\\/doniczka-podluzna-z-mchem-biala-2\\\/#breadcrumb\"},\"inLanguage\":\"pl-PL\",\"potentialAction\":[{\"@type\":\"ReadAction\",\"target\":[\"https:\\\/\\\/greenowacja.pl\\\/produkt\\\/doniczka-podluzna-z-mchem-biala-2\\\/\"]}]},{\"@type\":\"ImageObject\",\"inLanguage\":\"pl-PL\",\"@id\":\"https:\\\/\\\/greenowacja.pl\\\/produkt\\\/doniczka-podluzna-z-mchem-biala-2\\\/#primaryimage\",\"url\":\"https:\\\/\\\/greenowacja.pl\\\/wp-content\\\/uploads\\\/2024\\\/07\\\/IMG20240711134354.jpg\",\"contentUrl\":\"https:\\\/\\\/greenowacja.pl\\\/wp-content\\\/uploads\\\/2024\\\/07\\\/IMG20240711134354.jpg\",\"width\":950,\"height\":950},{\"@type\":\"BreadcrumbList\",\"@id\":\"https:\\\/\\\/greenowacja.pl\\\/produkt\\\/doniczka-podluzna-z-mchem-biala-2\\\/#breadcrumb\",\"itemListElement\":[{\"@type\":\"ListItem\",\"position\":1,\"name\":\"Strona g\u0142\u00f3wna\",\"item\":\"https:\\\/\\\/greenowacja.pl\\\/\"},{\"@type\":\"ListItem\",\"position\":2,\"name\":\"Sklep\",\"item\":\"https:\\\/\\\/greenowacja.pl\\\/sklep-z-mchem-chrobotkiem\\\/\"},{\"@type\":\"ListItem\",\"position\":3,\"name\":\"Pod\u0142u\u017cna doniczka z mchem &#8211; bia\u0142a\"}]},{\"@type\":\"WebSite\",\"@id\":\"https:\\\/\\\/greenowacja.pl\\\/#website\",\"url\":\"https:\\\/\\\/greenowacja.pl\\\/\",\"name\":\"Ozdoby i prezenty z mchu | #u\u015bMECHnij si\u0119!\",\"description\":\"\",\"publisher\":{\"@id\":\"https:\\\/\\\/greenowacja.pl\\\/#organization\"},\"potentialAction\":[{\"@type\":\"SearchAction\",\"target\":{\"@type\":\"EntryPoint\",\"urlTemplate\":\"https:\\\/\\\/greenowacja.pl\\\/?s={search_term_string}\"},\"query-input\":{\"@type\":\"PropertyValueSpecification\",\"valueRequired\":true,\"valueName\":\"search_term_string\"}}],\"inLanguage\":\"pl-PL\"},{\"@type\":\"Organization\",\"@id\":\"https:\\\/\\\/greenowacja.pl\\\/#organization\",\"name\":\"Ozdoby i prezenty z mchu | #u\u015bMECHnij si\u0119!\",\"url\":\"https:\\\/\\\/greenowacja.pl\\\/\",\"logo\":{\"@type\":\"ImageObject\",\"inLanguage\":\"pl-PL\",\"@id\":\"https:\\\/\\\/greenowacja.pl\\\/#\\\/schema\\\/logo\\\/image\\\/\",\"url\":\"https:\\\/\\\/greenowacja.pl\\\/wp-content\\\/uploads\\\/2023\\\/08\\\/Logo-Greenowacja-wer-z-claimem-pozioma-2-kolory_Easy-Resize.com_.jpg\",\"contentUrl\":\"https:\\\/\\\/greenowacja.pl\\\/wp-content\\\/uploads\\\/2023\\\/08\\\/Logo-Greenowacja-wer-z-claimem-pozioma-2-kolory_Easy-Resize.com_.jpg\",\"width\":1280,\"height\":426,\"caption\":\"Ozdoby i prezenty z mchu | #u\u015bMECHnij si\u0119!\"},\"image\":{\"@id\":\"https:\\\/\\\/greenowacja.pl\\\/#\\\/schema\\\/logo\\\/image\\\/\"},\"sameAs\":[\"https:\\\/\\\/www.facebook.com\\\/Greenowacja\",\"https:\\\/\\\/www.instagram.com\\\/greenowacja\\\/\"]}]}<\/script>\n<!-- \/ Yoast SEO plugin. -->","yoast_head_json":{"title":"Doniczka owalna z kokardk\u0105","description":"Doniczka pod\u0142u\u017cna ozdobiona chrobotkiem - oryginalny dodatek do wn\u0119trza! Ta nietypowa doniczka z pewno\u015bci\u0105 przyci\u0105gnie uwag\u0119 wszystkich mi\u0142o\u015bnik\u00f3w nietypowych ozd\u00f3b..","robots":{"index":"index","follow":"follow","max-snippet":"max-snippet:-1","max-image-preview":"max-image-preview:large","max-video-preview":"max-video-preview:-1"},"canonical":"https:\/\/greenowacja.pl\/produkt\/doniczka-podluzna-z-mchem-biala-2\/","og_locale":"pl_PL","og_type":"article","og_title":"Doniczka owalna z kokardk\u0105","og_description":"Doniczka pod\u0142u\u017cna ozdobiona chrobotkiem - oryginalny dodatek do wn\u0119trza! Ta nietypowa doniczka z pewno\u015bci\u0105 przyci\u0105gnie uwag\u0119 wszystkich mi\u0142o\u015bnik\u00f3w nietypowych ozd\u00f3b..","og_url":"https:\/\/greenowacja.pl\/produkt\/doniczka-podluzna-z-mchem-biala-2\/","og_site_name":"Ozdoby i prezenty z mchu | #u\u015bMECHnij si\u0119!","article_publisher":"https:\/\/www.facebook.com\/Greenowacja","article_modified_time":"2025-06-18T06:50:39+00:00","og_image":[{"width":950,"height":950,"url":"https:\/\/greenowacja.pl\/wp-content\/uploads\/2024\/07\/IMG20240711134354.jpg","type":"image\/jpeg"}],"twitter_card":"summary_large_image","twitter_misc":{"Szacowany czas czytania":"1 minuta"},"schema":{"@context":"https:\/\/schema.org","@graph":[{"@type":"WebPage","@id":"https:\/\/greenowacja.pl\/produkt\/doniczka-podluzna-z-mchem-biala-2\/","url":"https:\/\/greenowacja.pl\/produkt\/doniczka-podluzna-z-mchem-biala-2\/","name":"Doniczka owalna z kokardk\u0105","isPartOf":{"@id":"https:\/\/greenowacja.pl\/#website"},"primaryImageOfPage":{"@id":"https:\/\/greenowacja.pl\/produkt\/doniczka-podluzna-z-mchem-biala-2\/#primaryimage"},"image":{"@id":"https:\/\/greenowacja.pl\/produkt\/doniczka-podluzna-z-mchem-biala-2\/#primaryimage"},"thumbnailUrl":"https:\/\/greenowacja.pl\/wp-content\/uploads\/2024\/07\/IMG20240711134354.jpg","datePublished":"2024-07-11T13:48:53+00:00","dateModified":"2025-06-18T06:50:39+00:00","description":"Doniczka pod\u0142u\u017cna ozdobiona chrobotkiem - oryginalny dodatek do wn\u0119trza! Ta nietypowa doniczka z pewno\u015bci\u0105 przyci\u0105gnie uwag\u0119 wszystkich mi\u0142o\u015bnik\u00f3w nietypowych ozd\u00f3b..","breadcrumb":{"@id":"https:\/\/greenowacja.pl\/produkt\/doniczka-podluzna-z-mchem-biala-2\/#breadcrumb"},"inLanguage":"pl-PL","potentialAction":[{"@type":"ReadAction","target":["https:\/\/greenowacja.pl\/produkt\/doniczka-podluzna-z-mchem-biala-2\/"]}]},{"@type":"ImageObject","inLanguage":"pl-PL","@id":"https:\/\/greenowacja.pl\/produkt\/doniczka-podluzna-z-mchem-biala-2\/#primaryimage","url":"https:\/\/greenowacja.pl\/wp-content\/uploads\/2024\/07\/IMG20240711134354.jpg","contentUrl":"https:\/\/greenowacja.pl\/wp-content\/uploads\/2024\/07\/IMG20240711134354.jpg","width":950,"height":950},{"@type":"BreadcrumbList","@id":"https:\/\/greenowacja.pl\/produkt\/doniczka-podluzna-z-mchem-biala-2\/#breadcrumb","itemListElement":[{"@type":"ListItem","position":1,"name":"Strona g\u0142\u00f3wna","item":"https:\/\/greenowacja.pl\/"},{"@type":"ListItem","position":2,"name":"Sklep","item":"https:\/\/greenowacja.pl\/sklep-z-mchem-chrobotkiem\/"},{"@type":"ListItem","position":3,"name":"Pod\u0142u\u017cna doniczka z mchem &#8211; bia\u0142a"}]},{"@type":"WebSite","@id":"https:\/\/greenowacja.pl\/#website","url":"https:\/\/greenowacja.pl\/","name":"Ozdoby i prezenty z mchu | #u\u015bMECHnij si\u0119!","description":"","publisher":{"@id":"https:\/\/greenowacja.pl\/#organization"},"potentialAction":[{"@type":"SearchAction","target":{"@type":"EntryPoint","urlTemplate":"https:\/\/greenowacja.pl\/?s={search_term_string}"},"query-input":{"@type":"PropertyValueSpecification","valueRequired":true,"valueName":"search_term_string"}}],"inLanguage":"pl-PL"},{"@type":"Organization","@id":"https:\/\/greenowacja.pl\/#organization","name":"Ozdoby i prezenty z mchu | #u\u015bMECHnij si\u0119!","url":"https:\/\/greenowacja.pl\/","logo":{"@type":"ImageObject","inLanguage":"pl-PL","@id":"https:\/\/greenowacja.pl\/#\/schema\/logo\/image\/","url":"https:\/\/greenowacja.pl\/wp-content\/uploads\/2023\/08\/Logo-Greenowacja-wer-z-claimem-pozioma-2-kolory_Easy-Resize.com_.jpg","contentUrl":"https:\/\/greenowacja.pl\/wp-content\/uploads\/2023\/08\/Logo-Greenowacja-wer-z-claimem-pozioma-2-kolory_Easy-Resize.com_.jpg","width":1280,"height":426,"caption":"Ozdoby i prezenty z mchu | #u\u015bMECHnij si\u0119!"},"image":{"@id":"https:\/\/greenowacja.pl\/#\/schema\/logo\/image\/"},"sameAs":["https:\/\/www.facebook.com\/Greenowacja","https:\/\/www.instagram.com\/greenowacja\/"]}]}},"_links":{"self":[{"href":"https:\/\/greenowacja.pl\/wp-json\/wp\/v2\/product\/7988","targetHints":{"allow":["GET"]}}],"collection":[{"href":"https:\/\/greenowacja.pl\/wp-json\/wp\/v2\/product"}],"about":[{"href":"https:\/\/greenowacja.pl\/wp-json\/wp\/v2\/types\/product"}],"wp:featuredmedia":[{"embeddable":true,"href":"https:\/\/greenowacja.pl\/wp-json\/wp\/v2\/media\/7989"}],"wp:attachment":[{"href":"https:\/\/greenowacja.pl\/wp-json\/wp\/v2\/media?parent=7988"}],"wp:term":[{"taxonomy":"product_brand","embeddable":true,"href":"https:\/\/greenowacja.pl\/wp-json\/wp\/v2\/product_brand?post=7988"},{"taxonomy":"product_cat","embeddable":true,"href":"https:\/\/greenowacja.pl\/wp-json\/wp\/v2\/product_cat?post=7988"},{"taxonomy":"product_tag","embeddable":true,"href":"https:\/\/greenowacja.pl\/wp-json\/wp\/v2\/product_tag?post=7988"}],"curies":[{"name":"wp","href":"https:\/\/api.w.org\/{rel}","templated":true}]}}